{"id":135,"date":"2024-07-16T17:59:34","date_gmt":"2024-07-16T15:59:34","guid":{"rendered":"https:\/\/sur-luttedeclasses.fr\/?page_id=135"},"modified":"2025-06-18T14:40:42","modified_gmt":"2025-06-18T12:40:42","slug":"adhesion","status":"publish","type":"page","link":"https:\/\/sur-luttedeclasses.fr\/index.php\/adhesion\/","title":{"rendered":"Adh\u00e9sion"},"content":{"rendered":"\n<p>Pour adh\u00e9rer \u00e0&nbsp;SUR-LdC, vous devez remplir le bulletin adh\u00e9sion ci-dessous et le transmettre au&nbsp;local.<\/p>\n\n\n\n<div data-wp-interactive=\"core\/file\" class=\"wp-block-file\"><object data-wp-bind--hidden=\"!state.hasPdfPreview\" hidden class=\"wp-block-file__embed\" data=\"https:\/\/sur-luttedeclasses.fr\/wp-content\/uploads\/2025\/06\/Bulletin-dadhesion.pdf\" type=\"application\/pdf\" style=\"width:100%;height:600px\" aria-label=\"Contenu embarqu\u00e9 Bulletin-dadhesion.\"><\/object><a id=\"wp-block-file--media-6269993a-8f36-441c-a961-c6809c60a181\" href=\"https:\/\/sur-luttedeclasses.fr\/wp-content\/uploads\/2025\/06\/Bulletin-dadhesion.pdf\">Bulletin-dadhesion<\/a><a href=\"https:\/\/sur-luttedeclasses.fr\/wp-content\/uploads\/2025\/06\/Bulletin-dadhesion.pdf\" class=\"wp-block-file__button wp-element-button\" download aria-describedby=\"wp-block-file--media-6269993a-8f36-441c-a961-c6809c60a181\">T\u00e9l\u00e9charger<\/a><\/div>\n","protected":false},"excerpt":{"rendered":"<p>Pour adh\u00e9rer \u00e0&nbsp;SUR-LdC, vous devez remplir le bulletin adh\u00e9sion ci-dessous et le transmettre au&nbsp;local.<\/p>\n","protected":false},"author":1,"featured_media":0,"parent":0,"menu_order":0,"comment_status":"closed","ping_status":"closed","template":"","meta":{"footnotes":""},"class_list":["post-135","page","type-page","status-publish","czr-hentry"],"_links":{"self":[{"href":"https:\/\/sur-luttedeclasses.fr\/index.php\/wp-json\/wp\/v2\/pages\/135","targetHints":{"allow":["GET"]}}],"collection":[{"href":"https:\/\/sur-luttedeclasses.fr\/index.php\/wp-json\/wp\/v2\/pages"}],"about":[{"href":"https:\/\/sur-luttedeclasses.fr\/index.php\/wp-json\/wp\/v2\/types\/page"}],"author":[{"embeddable":true,"href":"https:\/\/sur-luttedeclasses.fr\/index.php\/wp-json\/wp\/v2\/users\/1"}],"replies":[{"embeddable":true,"href":"https:\/\/sur-luttedeclasses.fr\/index.php\/wp-json\/wp\/v2\/comments?post=135"}],"version-history":[{"count":5,"href":"https:\/\/sur-luttedeclasses.fr\/index.php\/wp-json\/wp\/v2\/pages\/135\/revisions"}],"predecessor-version":[{"id":457,"href":"https:\/\/sur-luttedeclasses.fr\/index.php\/wp-json\/wp\/v2\/pages\/135\/revisions\/457"}],"wp:attachment":[{"href":"https:\/\/sur-luttedeclasses.fr\/index.php\/wp-json\/wp\/v2\/media?parent=135"}],"curies":[{"name":"wp","href":"https:\/\/api.w.org\/{rel}","templated":true}]}}